{"id":8,"date":"2016-05-24T10:04:44","date_gmt":"2016-05-24T09:04:44","guid":{"rendered":"http:\/\/ssmsoignies.be\/?page_id=8"},"modified":"2025-02-20T16:25:36","modified_gmt":"2025-02-20T15:25:36","slug":"quest-ce-quun-service-de-sante-mentale","status":"publish","type":"page","link":"https:\/\/ssmsoignies.be\/index.php\/quest-ce-quun-service-de-sante-mentale\/","title":{"rendered":"Qu&rsquo;est-ce qu&rsquo;un service de sant\u00e9 mentale ?"},"content":{"rendered":"<p style=\"text-align: justify;\"><span style=\"color: #000000;\">Un service de sant\u00e9 mentale est une structure ambulatoire qui, par une approche pluridisciplinaire, aide les personnes qui rencontrent des difficult\u00e9s psychiques, psychologiques, psychiatriques, sociales, logop\u00e9diques.<\/span><\/p>\n<p style=\"text-align: justify;\"><span style=\"color: #000000;\">Un tel service peut \u00eatre cr\u00e9\u00e9 \u00e0 l&rsquo;initiative d&rsquo;une autorit\u00e9 publique, d&rsquo;une association sans but lucratif ou d&rsquo;une institution universitaire et \u00eatre reconnu par le Gouvernement Wallon qui, dans ce cadre, octroie des subventions.<\/span><\/p>\n<p style=\"text-align: justify;\"><span style=\"color: #000000;\">Tout centre reconnu et subsidi\u00e9 est r\u00e9gi par le Code Wallon de l&rsquo;Action Sociale et de la Sant\u00e9 (CWASS).<br \/>\n<\/span><\/p>\n<p style=\"text-align: justify;\"><span style=\"color: #000000;\">il remplit les missions suivantes :<\/span><\/p>\n<ul style=\"text-align: justify;\">\n<li><span style=\"color: #000000;\">l&rsquo;accueil de la demande relative aux difficult\u00e9s psychiques ou psychologiques.<\/span><\/li>\n<li><span style=\"color: #000000;\">l&rsquo;organisation d&rsquo;une r\u00e9ponse, selon les ressources disponibles et les particularit\u00e9s de la demande.\u00a0 Lorsque le service ne peut r\u00e9pondre \u00e0 la demande, il r\u00e9oriente l&rsquo;usager vers un autre professionnel soit d\u00e8s l&rsquo;accueil soit \u00e0 la suite de la concertation pluridisciplinaire.<\/span><\/li>\n<li><span style=\"color: #000000;\">l&rsquo;organisation au b\u00e9n\u00e9fice d&rsquo;autres professionnels de supervisions, formations, expertises dans le cadre judiciaire (activit\u00e9s appel\u00e9es accessoires).\u00a0 Ces activit\u00e9s ne peuvent d\u00e9passer un certain nombre d&rsquo;heures qui varie selon chaque service.<\/span><\/li>\n<li><span style=\"color: #000000;\">le travail en r\u00e9seau : par r\u00e9seau, on entend l&rsquo;ensemble des professionnels qui interviennent de fa\u00e7on simultan\u00e9e ou successive au b\u00e9n\u00e9fice de l&rsquo;usager ou d&rsquo;une situation mais aussi la mise en place de collaborations entre des institutions, ind\u00e9pendamment d&rsquo;une situation particuli\u00e8re.<\/span><\/li>\n<li><span style=\"color: #000000;\">la participation aux concertations men\u00e9es par les autorit\u00e9s publiques ou des services priv\u00e9s, lorsqu&rsquo;elles concernent ses missions.\u00a0 Le Gouvernement peut d\u00e9finir des priorit\u00e9s en mati\u00e8re de concertations selon l&rsquo;\u00e9volution institutionnelle.<\/span><\/li>\n<\/ul>\n","protected":false},"excerpt":{"rendered":"<p>Un service de sant\u00e9 mentale est une structure ambulatoire qui, par une approche pluridisciplinaire, aide les personnes qui rencontrent des difficult\u00e9s psychiques, psychologiques, psychiatriques, sociales, logop\u00e9diques. Un tel service peut \u00eatre cr\u00e9\u00e9 \u00e0 l&rsquo;initiative d&rsquo;une autorit\u00e9 publique, d&rsquo;une association sans but lucratif ou d&rsquo;une institution universitaire et \u00eatre reconnu par le Gouvernement Wallon qui, dans [&hellip;]<\/p>\n","protected":false},"author":1,"featured_media":0,"parent":0,"menu_order":0,"comment_status":"closed","ping_status":"closed","template":"","meta":[],"_links":{"self":[{"href":"https:\/\/ssmsoignies.be\/index.php\/wp-json\/wp\/v2\/pages\/8"}],"collection":[{"href":"https:\/\/ssmsoignies.be\/index.php\/wp-json\/wp\/v2\/pages"}],"about":[{"href":"https:\/\/ssmsoignies.be\/index.php\/wp-json\/wp\/v2\/types\/page"}],"author":[{"embeddable":true,"href":"https:\/\/ssmsoignies.be\/index.php\/wp-json\/wp\/v2\/users\/1"}],"replies":[{"embeddable":true,"href":"https:\/\/ssmsoignies.be\/index.php\/wp-json\/wp\/v2\/comments?post=8"}],"version-history":[{"count":12,"href":"https:\/\/ssmsoignies.be\/index.php\/wp-json\/wp\/v2\/pages\/8\/revisions"}],"predecessor-version":[{"id":274,"href":"https:\/\/ssmsoignies.be\/index.php\/wp-json\/wp\/v2\/pages\/8\/revisions\/274"}],"wp:attachment":[{"href":"https:\/\/ssmsoignies.be\/index.php\/wp-json\/wp\/v2\/media?parent=8"}],"curies":[{"name":"wp","href":"https:\/\/api.w.org\/{rel}","templated":true}]}}