{"id":2,"date":"2016-05-23T15:04:26","date_gmt":"2016-05-23T14:04:26","guid":{"rendered":"http:\/\/ssmsoignies.be\/?page_id=2"},"modified":"2025-02-20T16:29:48","modified_gmt":"2025-02-20T15:29:48","slug":"accueil","status":"publish","type":"page","link":"https:\/\/ssmsoignies.be\/index.php\/accueil\/","title":{"rendered":"Notre activit\u00e9"},"content":{"rendered":"<p><span style=\"color: #000000;\">Notre service est reconnu par la R\u00e9gion Wallonne en tant que centre g\u00e9n\u00e9raliste.<\/span><\/p>\n<p><span style=\"color: #000000;\">Il est compos\u00e9 d&rsquo;une \u00e9quipe pluridisciplinaire qui propose des consultations :<\/span><\/p>\n<ul>\n<li><span style=\"color: #000000;\">psychologique<\/span><\/li>\n<li><span style=\"color: #000000;\">sociale<\/span><\/li>\n<li><span style=\"color: #000000;\">psychiatrique et p\u00e9dopsychiatrique <em><strong>(fonction actuellement inoccup\u00e9e)<\/strong><\/em><\/span><\/li>\n<\/ul>\n<p><span style=\"color: #000000;\">Le service s&rsquo;adresse \u00e0 toute personne (enfant, adolescent, adulte, couple, familles) qui rencontre des difficult\u00e9s personnelles et\/ou relationnelles.<\/span><\/p>\n<h3><span style=\"color: #000000;\"><strong><em>Prise en charge :<\/em><\/strong><\/span><\/h3>\n<p><span style=\"color: #000000;\">La consultation peut \u00eatre individuelle, familiale ou de couple.<\/span><\/p>\n<p style=\"text-align: justify;\"><span style=\"color: #000000;\">Nous r\u00e9alisons aussi, dans les limites de nos disponibilit\u00e9s, des \u00e9valuations pluridisciplinaires dans le cadre d&rsquo;une aide pour les personnes pr\u00e9sentant un handicap ou pour le SPF \u00ab\u00a0personnes handicap\u00e9es\u00a0\u00bb.<\/span><\/p>\n<p style=\"text-align: justify;\"><span style=\"color: #000000;\">Avant toute prise en charge th\u00e9rapeutique, nous prenons un temps pour analyser la demande.\u00a0 Cela peut prendre quelques entretiens et n\u00e9cessiter une discussion en \u00e9quipe pluridisciplinaire.\u00a0 Cette fa\u00e7on de proc\u00e9der permet de r\u00e9fl\u00e9chir avec le consultant \u00e0 la forme que prendra la suite du travail.<\/span><\/p>\n<p style=\"text-align: justify;\"><span style=\"color: #000000;\">Nous tenons aussi compte du r\u00e9seau proche et \u00e9largi du consultant.\u00a0 Par exemple, nous pouvons collaborer avec des intervenants d\u00e9j\u00e0 pr\u00e9sents dans la situation ou travailler \u00e0 la mise en place d&rsquo;aide(s) compl\u00e9mentaire(s) (cpas, m\u00e9decin traitant, spj, pms,&#8230;).<\/span><\/p>\n","protected":false},"excerpt":{"rendered":"<p>Notre service est reconnu par la R\u00e9gion Wallonne en tant que centre g\u00e9n\u00e9raliste. Il est compos\u00e9 d&rsquo;une \u00e9quipe pluridisciplinaire qui propose des consultations : psychologique sociale psychiatrique et p\u00e9dopsychiatrique (fonction actuellement inoccup\u00e9e) Le service s&rsquo;adresse \u00e0 toute personne (enfant, adolescent, adulte, couple, familles) qui rencontre des difficult\u00e9s personnelles et\/ou relationnelles. Prise en charge : La [&hellip;]<\/p>\n","protected":false},"author":1,"featured_media":77,"parent":0,"menu_order":0,"comment_status":"closed","ping_status":"closed","template":"","meta":[],"_links":{"self":[{"href":"https:\/\/ssmsoignies.be\/index.php\/wp-json\/wp\/v2\/pages\/2"}],"collection":[{"href":"https:\/\/ssmsoignies.be\/index.php\/wp-json\/wp\/v2\/pages"}],"about":[{"href":"https:\/\/ssmsoignies.be\/index.php\/wp-json\/wp\/v2\/types\/page"}],"author":[{"embeddable":true,"href":"https:\/\/ssmsoignies.be\/index.php\/wp-json\/wp\/v2\/users\/1"}],"replies":[{"embeddable":true,"href":"https:\/\/ssmsoignies.be\/index.php\/wp-json\/wp\/v2\/comments?post=2"}],"version-history":[{"count":21,"href":"https:\/\/ssmsoignies.be\/index.php\/wp-json\/wp\/v2\/pages\/2\/revisions"}],"predecessor-version":[{"id":282,"href":"https:\/\/ssmsoignies.be\/index.php\/wp-json\/wp\/v2\/pages\/2\/revisions\/282"}],"wp:featuredmedia":[{"embeddable":true,"href":"https:\/\/ssmsoignies.be\/index.php\/wp-json\/wp\/v2\/media\/77"}],"wp:attachment":[{"href":"https:\/\/ssmsoignies.be\/index.php\/wp-json\/wp\/v2\/media?parent=2"}],"curies":[{"name":"wp","href":"https:\/\/api.w.org\/{rel}","templated":true}]}}