{"id":19,"date":"2016-05-24T15:36:06","date_gmt":"2016-05-24T14:36:06","guid":{"rendered":"http:\/\/ssmsoignies.be\/?page_id=19"},"modified":"2025-02-20T16:18:43","modified_gmt":"2025-02-20T15:18:43","slug":"consultations","status":"publish","type":"page","link":"https:\/\/ssmsoignies.be\/index.php\/consultations\/","title":{"rendered":"Consultations"},"content":{"rendered":"<p><span style=\"color: #000000;\">Tout renseignement ou demande de prise en charge se fait soit par t\u00e9l\u00e9phone soit sur place.<\/span><\/p>\n<p><span style=\"color: #000000;\">Le secr\u00e9tariat est ouvert du lundi au vendredi de 8h30 \u00e0 17h00. Une permanence est assur\u00e9e jusque 18h00.<\/span><\/p>\n<p><span style=\"color: #000000;\">Les consultations ont lieu uniquement sur rendez-vous.<\/span><\/p>\n<p><span style=\"color: #000000;\">Le secr\u00e9tariat vous orientera selon la nature de la demande et les disponibilit\u00e9s des agendas.<\/span><\/p>\n<p><span style=\"color: #000000;\">Dans le respect du Code Wallon de l&rsquo;Action Sociale et de la Sant\u00e9 (CWASS), en cas de n\u00e9cessit\u00e9 et de mani\u00e8re ponctuelle, il est possible d\u2019organiser des consultations au-del\u00e0 de 18h00 et\/ou le samedi matin.<\/span><\/p>\n<p><em><strong><span style=\"color: #000000;\">En dehors des heures d\u2019ouverture, en cas d\u2019urgence, vous pouvez vous adresser aux urgences du CHR de la haute senne au 067\/34 86 00, au m\u00e9decin de garde ou \u00e0 votre m\u00e9decin traitant.<\/span><\/strong><\/em><\/p>\n<h2><strong><em>T<span style=\"color: #000000;\">arifs :<\/span><\/em><\/strong><\/h2>\n<p><span style=\"color: #000000;\"><em>Consultation individuelle sociale ou psychologique (maximum 0h45)<\/em> : 13,50 \u20ac<\/span><\/p>\n<p><span style=\"color: #000000;\"><em>Consultation de couple ou familiale (maximum 1h30)<\/em> : 27,00 \u20ac<\/span><\/p>\n<p><span style=\"color: #000000;\"><em>Consultation (p\u00e9do)psychiatrique :<\/em> une vignette de mutuelle + le ticket mod\u00e9rateur (l&rsquo;intervention r\u00e9clam\u00e9e se base sur la nomenclature de l&rsquo;Inami; en cas de non-assurance, le montant d\u00fb est celui correspondant \u00e0 la prestation).<\/span><\/p>\n<p><span style=\"color: #000000;\">En aucun cas, le paiement doit \u00eatre un obstacle \u00e0 la consultation. Le tarif peut \u00eatre adapt\u00e9 en concertation avec le th\u00e9rapeute. La gratuit\u00e9 peut \u00eatre envisag\u00e9e, sous certaines conditions, \u00e0 la suite de l&rsquo;examen du dossier.<\/span><\/p>\n<p><span style=\"color: #000000;\"><i class=\"easypromoweb-icon-home-1\"><\/i> <strong>Ruelle Scaffart 8 &#8211; 7060 Soignies<\/strong><\/span><\/p>\n<p><span style=\"color: #000000;\"><i class=\"easypromoweb-icon-phone\"><\/i> <strong>067\/33.10.68<\/strong><\/span><\/p>\n<p><span style=\"color: #000000;\"><i class=\"easypromoweb-icon-mail\"><\/i> <strong>ssmsoignies@gmail.com<\/strong> (aucun r-v ne sera pris par mail)<\/span><\/p>\n<p><span style=\"color: #000000;\"><em><strong><img decoding=\"async\" loading=\"lazy\" class=\"alignnone wp-image-138 size-full\" src=\"http:\/\/ssmsoignies.be\/wp-content\/uploads\/2016\/06\/bizhub_C25_160527152349_0001-page-0-e1464784484983.jpg\" width=\"1243\" height=\"893\" srcset=\"https:\/\/ssmsoignies.be\/wp-content\/uploads\/2016\/06\/bizhub_C25_160527152349_0001-page-0-e1464784484983.jpg 1243w, https:\/\/ssmsoignies.be\/wp-content\/uploads\/2016\/06\/bizhub_C25_160527152349_0001-page-0-e1464784484983-300x216.jpg 300w, https:\/\/ssmsoignies.be\/wp-content\/uploads\/2016\/06\/bizhub_C25_160527152349_0001-page-0-e1464784484983-1024x736.jpg 1024w\" sizes=\"(max-width: 1243px) 100vw, 1243px\" \/><\/strong><\/em><\/span><\/p>\n","protected":false},"excerpt":{"rendered":"<p>Tout renseignement ou demande de prise en charge se fait soit par t\u00e9l\u00e9phone soit sur place. Le secr\u00e9tariat est ouvert du lundi au vendredi de 8h30 \u00e0 17h00. Une permanence est assur\u00e9e jusque 18h00. Les consultations ont lieu uniquement sur rendez-vous. Le secr\u00e9tariat vous orientera selon la nature de la demande et les disponibilit\u00e9s des [&hellip;]<\/p>\n","protected":false},"author":1,"featured_media":89,"parent":0,"menu_order":0,"comment_status":"closed","ping_status":"closed","template":"","meta":[],"_links":{"self":[{"href":"https:\/\/ssmsoignies.be\/index.php\/wp-json\/wp\/v2\/pages\/19"}],"collection":[{"href":"https:\/\/ssmsoignies.be\/index.php\/wp-json\/wp\/v2\/pages"}],"about":[{"href":"https:\/\/ssmsoignies.be\/index.php\/wp-json\/wp\/v2\/types\/page"}],"author":[{"embeddable":true,"href":"https:\/\/ssmsoignies.be\/index.php\/wp-json\/wp\/v2\/users\/1"}],"replies":[{"embeddable":true,"href":"https:\/\/ssmsoignies.be\/index.php\/wp-json\/wp\/v2\/comments?post=19"}],"version-history":[{"count":37,"href":"https:\/\/ssmsoignies.be\/index.php\/wp-json\/wp\/v2\/pages\/19\/revisions"}],"predecessor-version":[{"id":268,"href":"https:\/\/ssmsoignies.be\/index.php\/wp-json\/wp\/v2\/pages\/19\/revisions\/268"}],"wp:featuredmedia":[{"embeddable":true,"href":"https:\/\/ssmsoignies.be\/index.php\/wp-json\/wp\/v2\/media\/89"}],"wp:attachment":[{"href":"https:\/\/ssmsoignies.be\/index.php\/wp-json\/wp\/v2\/media?parent=19"}],"curies":[{"name":"wp","href":"https:\/\/api.w.org\/{rel}","templated":true}]}}